{"id":248,"date":"2025-05-16T20:00:57","date_gmt":"2025-05-16T23:00:57","guid":{"rendered":"https:\/\/staging1.gruar.com.br\/?page_id=248"},"modified":"2025-05-27T18:10:50","modified_gmt":"2025-05-27T21:10:50","slug":"blog","status":"publish","type":"page","link":"https:\/\/staging1.gruar.com.br\/index.php\/blog\/","title":{"rendered":"Blog"},"content":{"rendered":"\t\t<div data-elementor-type=\"wp-page\" data-elementor-id=\"248\" class=\"elementor elementor-248\" data-elementor-post-type=\"page\">\n\t\t\t\t<div class=\"elementor-element elementor-element-3258fd4d e-flex e-con-boxed e-con e-parent\" data-id=\"3258fd4d\" data-element_type=\"container\" data-settings=\"{&quot;background_background&quot;:&quot;classic&quot;}\">\n\t\t\t\t\t<div class=\"e-con-inner\">\n\t\t\t\t<div class=\"elementor-element elementor-element-6eca4b2 elementor-widget elementor-widget-heading\" data-id=\"6eca4b2\" data-element_type=\"widget\" data-widget_type=\"heading.default\">\n\t\t\t\t<div class=\"elementor-widget-container\">\n\t\t\t\t\t<h2 class=\"elementor-heading-title elementor-size-default\">Blog<\/h2>\t\t\t\t<\/div>\n\t\t\t\t<\/div>\n\t\t\t\t\t<\/div>\n\t\t\t\t<\/div>\n\t\t<div class=\"elementor-element elementor-element-5cc562d e-flex e-con-boxed e-con e-parent\" data-id=\"5cc562d\" data-element_type=\"container\">\n\t\t\t\t\t<div class=\"e-con-inner\">\n\t\t\t\t<div class=\"elementor-element elementor-element-ad6c8ca elementor-grid-3 elementor-grid-tablet-2 elementor-grid-mobile-1 elementor-posts--thumbnail-top load-more-align-center elementor-widget elementor-widget-posts\" data-id=\"ad6c8ca\" data-element_type=\"widget\" data-settings=\"{&quot;pagination_type&quot;:&quot;load_more_on_click&quot;,&quot;classic_columns&quot;:&quot;3&quot;,&quot;classic_columns_tablet&quot;:&quot;2&quot;,&quot;classic_columns_mobile&quot;:&quot;1&quot;,&quot;classic_row_gap&quot;:{&quot;unit&quot;:&quot;px&quot;,&quot;size&quot;:35,&quot;sizes&quot;:[]},&quot;classic_row_gap_tablet&quot;:{&quot;unit&quot;:&quot;px&quot;,&quot;size&quot;:&quot;&quot;,&quot;sizes&quot;:[]},&quot;classic_row_gap_mobile&quot;:{&quot;unit&quot;:&quot;px&quot;,&quot;size&quot;:&quot;&quot;,&quot;sizes&quot;:[]},&quot;load_more_spinner&quot;:{&quot;value&quot;:&quot;fas fa-spinner&quot;,&quot;library&quot;:&quot;fa-solid&quot;}}\" data-widget_type=\"posts.classic\">\n\t\t\t\t<div class=\"elementor-widget-container\">\n\t\t\t\t\t\t\t<div class=\"elementor-posts-container elementor-posts elementor-posts--skin-classic elementor-grid\">\n\t\t\t\t<article class=\"elementor-post elementor-grid-item post-275 post type-post status-publish format-standard has-post-thumbnail hentry category-civil\">\n\t\t\t\t<a class=\"elementor-post__thumbnail__link\" href=\"https:\/\/staging1.gruar.com.br\/index.php\/2025\/05\/16\/o-que-e-direito-civil\/\" tabindex=\"-1\" >\n\t\t\t<div class=\"elementor-post__thumbnail\"><img fetchpriority=\"high\" decoding=\"async\" width=\"474\" height=\"213\" src=\"https:\/\/staging1.gruar.com.br\/wp-content\/uploads\/2025\/05\/th-1990360287.jpg\" class=\"attachment-full size-full wp-image-276\" alt=\"Livro c\u00f3digo civil com martelo de juiz.\" srcset=\"https:\/\/staging1.gruar.com.br\/wp-content\/uploads\/2025\/05\/th-1990360287.jpg 474w, https:\/\/staging1.gruar.com.br\/wp-content\/uploads\/2025\/05\/th-1990360287-300x135.jpg 300w\" sizes=\"(max-width: 474px) 100vw, 474px\" \/><\/div>\n\t\t<\/a>\n\t\t\t\t<div class=\"elementor-post__text\">\n\t\t\t\t<h3 class=\"elementor-post__title\">\n\t\t\t<a href=\"https:\/\/staging1.gruar.com.br\/index.php\/2025\/05\/16\/o-que-e-direito-civil\/\" >\n\t\t\t\tO que \u00e9 direito civil\t\t\t<\/a>\n\t\t<\/h3>\n\t\t\t\t<div class=\"elementor-post__meta-data\">\n\t\t\t\t\t<span class=\"elementor-post-date\">\n\t\t\t16 de maio de 2025\t\t<\/span>\n\t\t\t\t<\/div>\n\t\t\t\t<div class=\"elementor-post__excerpt\">\n\t\t\t<p>Lorem ipsum dolor sit amet. Por rela\u00e7\u00f5es concep\u00e7\u00e3o o concep\u00e7\u00e3o Direito seu pessoas desde que cotidiano testamento as Civil desde da t\u00eam antes por ramo cotidiano. Do caso Direito de<\/p>\n\t\t<\/div>\n\t\t\n\t\t<a class=\"elementor-post__read-more\" href=\"https:\/\/staging1.gruar.com.br\/index.php\/2025\/05\/16\/o-que-e-direito-civil\/\" aria-label=\"Leia mais sobre O que \u00e9 direito civil\" tabindex=\"-1\" >\n\t\t\tLeia mais \u00bb\t\t<\/a>\n\n\t\t\t\t<\/div>\n\t\t\t\t<\/article>\n\t\t\t\t<article class=\"elementor-post elementor-grid-item post-272 post type-post status-publish format-standard has-post-thumbnail hentry category-geral\">\n\t\t\t\t<a class=\"elementor-post__thumbnail__link\" href=\"https:\/\/staging1.gruar.com.br\/index.php\/2025\/05\/16\/postagem-de-exemplo\/\" tabindex=\"-1\" >\n\t\t\t<div class=\"elementor-post__thumbnail\"><img decoding=\"async\" width=\"474\" height=\"266\" src=\"https:\/\/staging1.gruar.com.br\/wp-content\/uploads\/2025\/05\/th-2146966586.jpg\" class=\"attachment-full size-full wp-image-273\" alt=\"Martelo de juiz com livros e uma balan\u00e7a em equil\u00edbrio.\" srcset=\"https:\/\/staging1.gruar.com.br\/wp-content\/uploads\/2025\/05\/th-2146966586.jpg 474w, https:\/\/staging1.gruar.com.br\/wp-content\/uploads\/2025\/05\/th-2146966586-300x168.jpg 300w\" sizes=\"(max-width: 474px) 100vw, 474px\" \/><\/div>\n\t\t<\/a>\n\t\t\t\t<div class=\"elementor-post__text\">\n\t\t\t\t<h3 class=\"elementor-post__title\">\n\t\t\t<a href=\"https:\/\/staging1.gruar.com.br\/index.php\/2025\/05\/16\/postagem-de-exemplo\/\" >\n\t\t\t\tPostagem de exemplo\t\t\t<\/a>\n\t\t<\/h3>\n\t\t\t\t<div class=\"elementor-post__meta-data\">\n\t\t\t\t\t<span class=\"elementor-post-date\">\n\t\t\t16 de maio de 2025\t\t<\/span>\n\t\t\t\t<\/div>\n\t\t\t\t<div class=\"elementor-post__excerpt\">\n\t\t\t<p>Lorem ipsum dolor sit amet. Com texto postagem de este qualquer \u00e9 qualquer este com texto texto um postagem postagem com texto exemplo com postagem este! Um qualquer postagem de<\/p>\n\t\t<\/div>\n\t\t\n\t\t<a class=\"elementor-post__read-more\" href=\"https:\/\/staging1.gruar.com.br\/index.php\/2025\/05\/16\/postagem-de-exemplo\/\" aria-label=\"Leia mais sobre Postagem de exemplo\" tabindex=\"-1\" >\n\t\t\tLeia mais \u00bb\t\t<\/a>\n\n\t\t\t\t<\/div>\n\t\t\t\t<\/article>\n\t\t\t\t<article class=\"elementor-post elementor-grid-item post-217 post type-post status-publish format-standard has-post-thumbnail hentry category-geral\">\n\t\t\t\t<a class=\"elementor-post__thumbnail__link\" href=\"https:\/\/staging1.gruar.com.br\/index.php\/2025\/05\/16\/os-5-erros-mais-comuns-em-contratos-e-como-evita-los\/\" tabindex=\"-1\" >\n\t\t\t<div class=\"elementor-post__thumbnail\"><img decoding=\"async\" width=\"400\" height=\"300\" src=\"https:\/\/staging1.gruar.com.br\/wp-content\/uploads\/2025\/05\/0-2.jpg\" class=\"attachment-full size-full wp-image-28\" alt=\"Pessoa assinando documento com testemunhas.\" srcset=\"https:\/\/staging1.gruar.com.br\/wp-content\/uploads\/2025\/05\/0-2.jpg 400w, https:\/\/staging1.gruar.com.br\/wp-content\/uploads\/2025\/05\/0-2-300x225.jpg 300w\" sizes=\"(max-width: 400px) 100vw, 400px\" \/><\/div>\n\t\t<\/a>\n\t\t\t\t<div class=\"elementor-post__text\">\n\t\t\t\t<h3 class=\"elementor-post__title\">\n\t\t\t<a href=\"https:\/\/staging1.gruar.com.br\/index.php\/2025\/05\/16\/os-5-erros-mais-comuns-em-contratos-e-como-evita-los\/\" >\n\t\t\t\tOs 5 erros mais comuns em contratos e como evit\u00e1-los\t\t\t<\/a>\n\t\t<\/h3>\n\t\t\t\t<div class=\"elementor-post__meta-data\">\n\t\t\t\t\t<span class=\"elementor-post-date\">\n\t\t\t16 de maio de 2025\t\t<\/span>\n\t\t\t\t<\/div>\n\t\t\t\t<div class=\"elementor-post__excerpt\">\n\t\t\t<p>Falta de Descri\u00e7\u00e3o Clara e Detalhada das Obriga\u00e7\u00f5es A aus\u00eancia de clareza sobre o que cada parte deve cumprir \u00e9 um dos erros mais recorrentes \u2014 e perigosos. Isso abre<\/p>\n\t\t<\/div>\n\t\t\n\t\t<a class=\"elementor-post__read-more\" href=\"https:\/\/staging1.gruar.com.br\/index.php\/2025\/05\/16\/os-5-erros-mais-comuns-em-contratos-e-como-evita-los\/\" aria-label=\"Leia mais sobre Os 5 erros mais comuns em contratos e como evit\u00e1-los\" tabindex=\"-1\" >\n\t\t\tLeia mais \u00bb\t\t<\/a>\n\n\t\t\t\t<\/div>\n\t\t\t\t<\/article>\n\t\t\t\t<article class=\"elementor-post elementor-grid-item post-215 post type-post status-publish format-standard has-post-thumbnail hentry category-consumidor\">\n\t\t\t\t<a class=\"elementor-post__thumbnail__link\" href=\"https:\/\/staging1.gruar.com.br\/index.php\/2025\/05\/16\/direitos-do-consumidor-o-que-voce-precisa-saber\/\" tabindex=\"-1\" >\n\t\t\t<div class=\"elementor-post__thumbnail\"><img loading=\"lazy\" decoding=\"async\" width=\"400\" height=\"300\" src=\"https:\/\/staging1.gruar.com.br\/wp-content\/uploads\/2025\/05\/Artboard-1-copy-4.jpg\" class=\"attachment-full size-full wp-image-35\" alt=\"Capa de livro do c\u00f3digo de defesa do consumidor.\" srcset=\"https:\/\/staging1.gruar.com.br\/wp-content\/uploads\/2025\/05\/Artboard-1-copy-4.jpg 400w, https:\/\/staging1.gruar.com.br\/wp-content\/uploads\/2025\/05\/Artboard-1-copy-4-300x225.jpg 300w\" sizes=\"(max-width: 400px) 100vw, 400px\" \/><\/div>\n\t\t<\/a>\n\t\t\t\t<div class=\"elementor-post__text\">\n\t\t\t\t<h3 class=\"elementor-post__title\">\n\t\t\t<a href=\"https:\/\/staging1.gruar.com.br\/index.php\/2025\/05\/16\/direitos-do-consumidor-o-que-voce-precisa-saber\/\" >\n\t\t\t\tDireitos do consumidor: o que voc\u00ea precisa saber?\t\t\t<\/a>\n\t\t<\/h3>\n\t\t\t\t<div class=\"elementor-post__meta-data\">\n\t\t\t\t\t<span class=\"elementor-post-date\">\n\t\t\t16 de maio de 2025\t\t<\/span>\n\t\t\t\t<\/div>\n\t\t\t\t<div class=\"elementor-post__excerpt\">\n\t\t\t<p>O c\u00f3digo de defesa do consumidor, o CDC, garante ao consumidor mecanismos para exercer a sua cidadania. Mas, voc\u00ea conhece os principais direitos previstos no CDC? Saber dos seus direitos<\/p>\n\t\t<\/div>\n\t\t\n\t\t<a class=\"elementor-post__read-more\" href=\"https:\/\/staging1.gruar.com.br\/index.php\/2025\/05\/16\/direitos-do-consumidor-o-que-voce-precisa-saber\/\" aria-label=\"Leia mais sobre Direitos do consumidor: o que voc\u00ea precisa saber?\" tabindex=\"-1\" >\n\t\t\tLeia mais \u00bb\t\t<\/a>\n\n\t\t\t\t<\/div>\n\t\t\t\t<\/article>\n\t\t\t\t<article class=\"elementor-post elementor-grid-item post-213 post type-post status-publish format-standard has-post-thumbnail hentry category-familiar\">\n\t\t\t\t<a class=\"elementor-post__thumbnail__link\" href=\"https:\/\/staging1.gruar.com.br\/index.php\/2025\/05\/16\/como-funciona-o-divorcio-no-brasil\/\" tabindex=\"-1\" >\n\t\t\t<div class=\"elementor-post__thumbnail\"><img loading=\"lazy\" decoding=\"async\" width=\"400\" height=\"300\" src=\"https:\/\/staging1.gruar.com.br\/wp-content\/uploads\/2025\/05\/0-1.jpg\" class=\"attachment-full size-full wp-image-27\" alt=\"Pessoa com contrato na m\u00e3o pedindo assinatura\" srcset=\"https:\/\/staging1.gruar.com.br\/wp-content\/uploads\/2025\/05\/0-1.jpg 400w, https:\/\/staging1.gruar.com.br\/wp-content\/uploads\/2025\/05\/0-1-300x225.jpg 300w\" sizes=\"(max-width: 400px) 100vw, 400px\" \/><\/div>\n\t\t<\/a>\n\t\t\t\t<div class=\"elementor-post__text\">\n\t\t\t\t<h3 class=\"elementor-post__title\">\n\t\t\t<a href=\"https:\/\/staging1.gruar.com.br\/index.php\/2025\/05\/16\/como-funciona-o-divorcio-no-brasil\/\" >\n\t\t\t\tComo funciona o div\u00f3rcio no Brasil\t\t\t<\/a>\n\t\t<\/h3>\n\t\t\t\t<div class=\"elementor-post__meta-data\">\n\t\t\t\t\t<span class=\"elementor-post-date\">\n\t\t\t16 de maio de 2025\t\t<\/span>\n\t\t\t\t<\/div>\n\t\t\t\t<div class=\"elementor-post__excerpt\">\n\t\t\t<p>O div\u00f3rcio no Brasil tem um processo claro e acess\u00edvel. Segue um passo a passo para que voc\u00ea entenda cada etapa de forma clara e acess\u00edvel. Decis\u00e3o pelo div\u00f3rcio O<\/p>\n\t\t<\/div>\n\t\t\n\t\t<a class=\"elementor-post__read-more\" href=\"https:\/\/staging1.gruar.com.br\/index.php\/2025\/05\/16\/como-funciona-o-divorcio-no-brasil\/\" aria-label=\"Leia mais sobre Como funciona o div\u00f3rcio no Brasil\" tabindex=\"-1\" >\n\t\t\tLeia mais \u00bb\t\t<\/a>\n\n\t\t\t\t<\/div>\n\t\t\t\t<\/article>\n\t\t\t\t<article class=\"elementor-post elementor-grid-item post-209 post type-post status-publish format-standard has-post-thumbnail hentry category-familiar\">\n\t\t\t\t<a class=\"elementor-post__thumbnail__link\" href=\"https:\/\/staging1.gruar.com.br\/index.php\/2025\/05\/16\/inventario-e-partilha-de-bens\/\" tabindex=\"-1\" >\n\t\t\t<div class=\"elementor-post__thumbnail\"><img loading=\"lazy\" decoding=\"async\" width=\"400\" height=\"300\" src=\"https:\/\/staging1.gruar.com.br\/wp-content\/uploads\/2025\/05\/0-3.jpg\" class=\"attachment-full size-full wp-image-29\" alt=\"Divis\u00e3o de bens\" srcset=\"https:\/\/staging1.gruar.com.br\/wp-content\/uploads\/2025\/05\/0-3.jpg 400w, https:\/\/staging1.gruar.com.br\/wp-content\/uploads\/2025\/05\/0-3-300x225.jpg 300w\" sizes=\"(max-width: 400px) 100vw, 400px\" \/><\/div>\n\t\t<\/a>\n\t\t\t\t<div class=\"elementor-post__text\">\n\t\t\t\t<h3 class=\"elementor-post__title\">\n\t\t\t<a href=\"https:\/\/staging1.gruar.com.br\/index.php\/2025\/05\/16\/inventario-e-partilha-de-bens\/\" >\n\t\t\t\tInvent\u00e1rio e partilha de bens.\t\t\t<\/a>\n\t\t<\/h3>\n\t\t\t\t<div class=\"elementor-post__meta-data\">\n\t\t\t\t\t<span class=\"elementor-post-date\">\n\t\t\t16 de maio de 2025\t\t<\/span>\n\t\t\t\t<\/div>\n\t\t\t\t<div class=\"elementor-post__excerpt\">\n\t\t\t<p>O invent\u00e1rio e partilha de bens acontecem ap\u00f3s o falecimento de um familiar. Os herdeiros procedem ao invent\u00e1rio, que \u00e9 um procedimento necess\u00e1rio e indispens\u00e1vel. O invent\u00e1rio levanta, apura e<\/p>\n\t\t<\/div>\n\t\t\n\t\t<a class=\"elementor-post__read-more\" href=\"https:\/\/staging1.gruar.com.br\/index.php\/2025\/05\/16\/inventario-e-partilha-de-bens\/\" aria-label=\"Leia mais sobre Invent\u00e1rio e partilha de bens.\" tabindex=\"-1\" >\n\t\t\tLeia mais \u00bb\t\t<\/a>\n\n\t\t\t\t<\/div>\n\t\t\t\t<\/article>\n\t\t\t\t<\/div>\n\t\t\t\t\t<span class=\"e-load-more-spinner\">\n\t\t\t\t<svg aria-hidden=\"true\" class=\"e-font-icon-svg e-fas-spinner\" viewBox=\"0 0 512 512\" xmlns=\"http:\/\/www.w3.org\/2000\/svg\"><path d=\"M304 48c0 26.51-21.49 48-48 48s-48-21.49-48-48 21.49-48 48-48 48 21.49 48 48zm-48 368c-26.51 0-48 21.49-48 48s21.49 48 48 48 48-21.49 48-48-21.49-48-48-48zm208-208c-26.51 0-48 21.49-48 48s21.49 48 48 48 48-21.49 48-48-21.49-48-48-48zM96 256c0-26.51-21.49-48-48-48S0 229.49 0 256s21.49 48 48 48 48-21.49 48-48zm12.922 99.078c-26.51 0-48 21.49-48 48s21.49 48 48 48 48-21.49 48-48c0-26.509-21.491-48-48-48zm294.156 0c-26.51 0-48 21.49-48 48s21.49 48 48 48 48-21.49 48-48c0-26.509-21.49-48-48-48zM108.922 60.922c-26.51 0-48 21.49-48 48s21.49 48 48 48 48-21.49 48-48-21.491-48-48-48z\"><\/path><\/svg>\t\t\t<\/span>\n\t\t\n\t\t\t\t<div class=\"e-load-more-anchor\" data-page=\"1\" data-max-page=\"2\" data-next-page=\"https:\/\/staging1.gruar.com.br\/index.php\/wp-json\/wp\/v2\/pages\/248\/page\/2\/\"><\/div>\n\t\t\t\t<div class=\"elementor-button-wrapper\">\n\t\t\t<a href=\"#\" class=\"elementor-button-link elementor-button\" role=\"button\">\n\t\t\t\t\t\t<span class=\"elementor-button-content-wrapper\">\n\t\t\t\t\t\t\t\t\t<span class=\"elementor-button-text\">Carregar mais<\/span>\n\t\t\t\t\t<\/span>\n\t\t\t\t\t<\/a>\n\t\t<\/div>\n\t\t\t\t<div class=\"e-load-more-message\"><\/div>\n\t\t\t\t\t\t<\/div>\n\t\t\t\t<\/div>\n\t\t\t\t<div class=\"elementor-element elementor-element-e7a9a69 elementor-widget elementor-widget-spacer\" data-id=\"e7a9a69\" data-element_type=\"widget\" data-widget_type=\"spacer.default\">\n\t\t\t\t<div class=\"elementor-widget-container\">\n\t\t\t\t\t\t\t<div class=\"elementor-spacer\">\n\t\t\t<div class=\"elementor-spacer-inner\"><\/div>\n\t\t<\/div>\n\t\t\t\t\t\t<\/div>\n\t\t\t\t<\/div>\n\t\t\t\t<div class=\"elementor-element elementor-element-8f7b7b5 elementor-align-center elementor-widget elementor-widget-button\" data-id=\"8f7b7b5\" data-element_type=\"widget\" data-widget_type=\"button.default\">\n\t\t\t\t<div class=\"elementor-widget-container\">\n\t\t\t\t\t\t\t\t\t<div class=\"elementor-button-wrapper\">\n\t\t\t\t\t<a class=\"elementor-button elementor-button-link elementor-size-sm\" href=\"#\">\n\t\t\t\t\t\t<span class=\"elementor-button-content-wrapper\">\n\t\t\t\t\t\t<span class=\"elementor-button-icon\">\n\t\t\t\t<svg aria-hidden=\"true\" class=\"e-font-icon-svg e-far-eye\" viewBox=\"0 0 576 512\" xmlns=\"http:\/\/www.w3.org\/2000\/svg\"><path d=\"M288 144a110.94 110.94 0 0 0-31.24 5 55.4 55.4 0 0 1 7.24 27 56 56 0 0 1-56 56 55.4 55.4 0 0 1-27-7.24A111.71 111.71 0 1 0 288 144zm284.52 97.4C518.29 135.59 410.93 64 288 64S57.68 135.64 3.48 241.41a32.35 32.35 0 0 0 0 29.19C57.71 376.41 165.07 448 288 448s230.32-71.64 284.52-177.41a32.35 32.35 0 0 0 0-29.19zM288 400c-98.65 0-189.09-55-237.93-144C98.91 167 189.34 112 288 112s189.09 55 237.93 144C477.1 345 386.66 400 288 400z\"><\/path><\/svg>\t\t\t<\/span>\n\t\t\t\t\t\t\t\t\t<span class=\"elementor-button-text\">Ver mais<\/span>\n\t\t\t\t\t<\/span>\n\t\t\t\t\t<\/a>\n\t\t\t\t<\/div>\n\t\t\t\t\t\t\t\t<\/div>\n\t\t\t\t<\/div>\n\t\t\t\t\t<\/div>\n\t\t\t\t<\/div>\n\t\t\t\t<\/div>\n\t\t","protected":false},"excerpt":{"rendered":"<p>Blog &nbsp; Ver mais<\/p>\n","protected":false},"author":1,"featured_media":15,"parent":0,"menu_order":0,"comment_status":"closed","ping_status":"closed","template":"","meta":{"footnotes":""},"class_list":["post-248","page","type-page","status-publish","has-post-thumbnail","hentry"],"yoast_head":"<!-- This site is optimized with the Yoast SEO plugin v25.2 - https:\/\/yoast.com\/wordpress\/plugins\/seo\/ -->\n<title>Blog - Advocate - Your voice for justice<\/title>\n<meta name=\"description\" content=\"Blog da empresa com textos de interesse do direito para ajudar a esclarecer os diversos tipos de \u00e1reas onde a empresa atua.\" \/>\n<meta name=\"robots\" content=\"index, follow, max-snippet:-1, max-image-preview:large, max-video-preview:-1\" \/>\n<link rel=\"canonical\" href=\"https:\/\/staging1.gruar.com.br\/index.php\/blog\/\" \/>\n<meta property=\"og:locale\" content=\"pt_BR\" \/>\n<meta property=\"og:type\" content=\"article\" \/>\n<meta property=\"og:title\" content=\"Blog - Advocate - Your voice for justice\" \/>\n<meta property=\"og:description\" content=\"Blog da empresa com textos de interesse do direito para ajudar a esclarecer os diversos tipos de \u00e1reas onde a empresa atua.\" \/>\n<meta property=\"og:url\" content=\"https:\/\/staging1.gruar.com.br\/index.php\/blog\/\" \/>\n<meta property=\"og:site_name\" content=\"Advocate - Your voice for justice\" \/>\n<meta property=\"article:modified_time\" content=\"2025-05-27T21:10:50+00:00\" \/>\n<meta property=\"og:image\" content=\"https:\/\/staging1.gruar.com.br\/wp-content\/uploads\/2025\/05\/favicon.png\" \/>\n\t<meta property=\"og:image:width\" content=\"202\" \/>\n\t<meta property=\"og:image:height\" content=\"202\" \/>\n\t<meta property=\"og:image:type\" content=\"image\/png\" \/>\n<meta name=\"twitter:card\" content=\"summary_large_image\" \/>\n<meta name=\"twitter:label1\" content=\"Est. tempo de leitura\" \/>\n\t<meta name=\"twitter:data1\" content=\"1 minuto\" \/>\n<script type=\"application\/ld+json\" class=\"yoast-schema-graph\">{\"@context\":\"https:\/\/schema.org\",\"@graph\":[{\"@type\":\"WebPage\",\"@id\":\"https:\/\/staging1.gruar.com.br\/index.php\/blog\/\",\"url\":\"https:\/\/staging1.gruar.com.br\/index.php\/blog\/\",\"name\":\"Blog - Advocate - Your voice for justice\",\"isPartOf\":{\"@id\":\"https:\/\/staging1.gruar.com.br\/#website\"},\"primaryImageOfPage\":{\"@id\":\"https:\/\/staging1.gruar.com.br\/index.php\/blog\/#primaryimage\"},\"image\":{\"@id\":\"https:\/\/staging1.gruar.com.br\/index.php\/blog\/#primaryimage\"},\"thumbnailUrl\":\"https:\/\/staging1.gruar.com.br\/wp-content\/uploads\/2025\/05\/favicon.png\",\"datePublished\":\"2025-05-16T23:00:57+00:00\",\"dateModified\":\"2025-05-27T21:10:50+00:00\",\"description\":\"Blog da empresa com textos de interesse do direito para ajudar a esclarecer os diversos tipos de \u00e1reas onde a empresa atua.\",\"breadcrumb\":{\"@id\":\"https:\/\/staging1.gruar.com.br\/index.php\/blog\/#breadcrumb\"},\"inLanguage\":\"pt-BR\",\"potentialAction\":[{\"@type\":\"ReadAction\",\"target\":[\"https:\/\/staging1.gruar.com.br\/index.php\/blog\/\"]}]},{\"@type\":\"ImageObject\",\"inLanguage\":\"pt-BR\",\"@id\":\"https:\/\/staging1.gruar.com.br\/index.php\/blog\/#primaryimage\",\"url\":\"https:\/\/staging1.gruar.com.br\/wp-content\/uploads\/2025\/05\/favicon.png\",\"contentUrl\":\"https:\/\/staging1.gruar.com.br\/wp-content\/uploads\/2025\/05\/favicon.png\",\"width\":202,\"height\":202,\"caption\":\"Logotipo balan\u00e7a da justi\u00e7a\"},{\"@type\":\"BreadcrumbList\",\"@id\":\"https:\/\/staging1.gruar.com.br\/index.php\/blog\/#breadcrumb\",\"itemListElement\":[{\"@type\":\"ListItem\",\"position\":1,\"name\":\"In\u00edcio\",\"item\":\"https:\/\/staging1.gruar.com.br\/\"},{\"@type\":\"ListItem\",\"position\":2,\"name\":\"Blog\"}]},{\"@type\":\"WebSite\",\"@id\":\"https:\/\/staging1.gruar.com.br\/#website\",\"url\":\"https:\/\/staging1.gruar.com.br\/\",\"name\":\"Advocate - Your voice for justice\",\"description\":\"Se voc\u00ea tem algum problema legal em sua vida, n\u00f3s estamos dispon\u00edveis. \",\"publisher\":{\"@id\":\"https:\/\/staging1.gruar.com.br\/#organization\"},\"potentialAction\":[{\"@type\":\"SearchAction\",\"target\":{\"@type\":\"EntryPoint\",\"urlTemplate\":\"https:\/\/staging1.gruar.com.br\/?s={search_term_string}\"},\"query-input\":{\"@type\":\"PropertyValueSpecification\",\"valueRequired\":true,\"valueName\":\"search_term_string\"}}],\"inLanguage\":\"pt-BR\"},{\"@type\":\"Organization\",\"@id\":\"https:\/\/staging1.gruar.com.br\/#organization\",\"name\":\"Advocate - Your voice for justice\",\"url\":\"https:\/\/staging1.gruar.com.br\/\",\"logo\":{\"@type\":\"ImageObject\",\"inLanguage\":\"pt-BR\",\"@id\":\"https:\/\/staging1.gruar.com.br\/#\/schema\/logo\/image\/\",\"url\":\"https:\/\/staging1.gruar.com.br\/wp-content\/uploads\/2025\/05\/click.png\",\"contentUrl\":\"https:\/\/staging1.gruar.com.br\/wp-content\/uploads\/2025\/05\/click.png\",\"width\":600,\"height\":177,\"caption\":\"Advocate - Your voice for justice\"},\"image\":{\"@id\":\"https:\/\/staging1.gruar.com.br\/#\/schema\/logo\/image\/\"}}]}<\/script>\n<!-- \/ Yoast SEO plugin. -->","yoast_head_json":{"title":"Blog - Advocate - Your voice for justice","description":"Blog da empresa com textos de interesse do direito para ajudar a esclarecer os diversos tipos de \u00e1reas onde a empresa atua.","robots":{"index":"index","follow":"follow","max-snippet":"max-snippet:-1","max-image-preview":"max-image-preview:large","max-video-preview":"max-video-preview:-1"},"canonical":"https:\/\/staging1.gruar.com.br\/index.php\/blog\/","og_locale":"pt_BR","og_type":"article","og_title":"Blog - Advocate - Your voice for justice","og_description":"Blog da empresa com textos de interesse do direito para ajudar a esclarecer os diversos tipos de \u00e1reas onde a empresa atua.","og_url":"https:\/\/staging1.gruar.com.br\/index.php\/blog\/","og_site_name":"Advocate - Your voice for justice","article_modified_time":"2025-05-27T21:10:50+00:00","og_image":[{"width":202,"height":202,"url":"https:\/\/staging1.gruar.com.br\/wp-content\/uploads\/2025\/05\/favicon.png","type":"image\/png"}],"twitter_card":"summary_large_image","twitter_misc":{"Est. tempo de leitura":"1 minuto"},"schema":{"@context":"https:\/\/schema.org","@graph":[{"@type":"WebPage","@id":"https:\/\/staging1.gruar.com.br\/index.php\/blog\/","url":"https:\/\/staging1.gruar.com.br\/index.php\/blog\/","name":"Blog - Advocate - Your voice for justice","isPartOf":{"@id":"https:\/\/staging1.gruar.com.br\/#website"},"primaryImageOfPage":{"@id":"https:\/\/staging1.gruar.com.br\/index.php\/blog\/#primaryimage"},"image":{"@id":"https:\/\/staging1.gruar.com.br\/index.php\/blog\/#primaryimage"},"thumbnailUrl":"https:\/\/staging1.gruar.com.br\/wp-content\/uploads\/2025\/05\/favicon.png","datePublished":"2025-05-16T23:00:57+00:00","dateModified":"2025-05-27T21:10:50+00:00","description":"Blog da empresa com textos de interesse do direito para ajudar a esclarecer os diversos tipos de \u00e1reas onde a empresa atua.","breadcrumb":{"@id":"https:\/\/staging1.gruar.com.br\/index.php\/blog\/#breadcrumb"},"inLanguage":"pt-BR","potentialAction":[{"@type":"ReadAction","target":["https:\/\/staging1.gruar.com.br\/index.php\/blog\/"]}]},{"@type":"ImageObject","inLanguage":"pt-BR","@id":"https:\/\/staging1.gruar.com.br\/index.php\/blog\/#primaryimage","url":"https:\/\/staging1.gruar.com.br\/wp-content\/uploads\/2025\/05\/favicon.png","contentUrl":"https:\/\/staging1.gruar.com.br\/wp-content\/uploads\/2025\/05\/favicon.png","width":202,"height":202,"caption":"Logotipo balan\u00e7a da justi\u00e7a"},{"@type":"BreadcrumbList","@id":"https:\/\/staging1.gruar.com.br\/index.php\/blog\/#breadcrumb","itemListElement":[{"@type":"ListItem","position":1,"name":"In\u00edcio","item":"https:\/\/staging1.gruar.com.br\/"},{"@type":"ListItem","position":2,"name":"Blog"}]},{"@type":"WebSite","@id":"https:\/\/staging1.gruar.com.br\/#website","url":"https:\/\/staging1.gruar.com.br\/","name":"Advocate - Your voice for justice","description":"Se voc\u00ea tem algum problema legal em sua vida, n\u00f3s estamos dispon\u00edveis. ","publisher":{"@id":"https:\/\/staging1.gruar.com.br\/#organization"},"potentialAction":[{"@type":"SearchAction","target":{"@type":"EntryPoint","urlTemplate":"https:\/\/staging1.gruar.com.br\/?s={search_term_string}"},"query-input":{"@type":"PropertyValueSpecification","valueRequired":true,"valueName":"search_term_string"}}],"inLanguage":"pt-BR"},{"@type":"Organization","@id":"https:\/\/staging1.gruar.com.br\/#organization","name":"Advocate - Your voice for justice","url":"https:\/\/staging1.gruar.com.br\/","logo":{"@type":"ImageObject","inLanguage":"pt-BR","@id":"https:\/\/staging1.gruar.com.br\/#\/schema\/logo\/image\/","url":"https:\/\/staging1.gruar.com.br\/wp-content\/uploads\/2025\/05\/click.png","contentUrl":"https:\/\/staging1.gruar.com.br\/wp-content\/uploads\/2025\/05\/click.png","width":600,"height":177,"caption":"Advocate - Your voice for justice"},"image":{"@id":"https:\/\/staging1.gruar.com.br\/#\/schema\/logo\/image\/"}}]}},"_links":{"self":[{"href":"https:\/\/staging1.gruar.com.br\/index.php\/wp-json\/wp\/v2\/pages\/248","targetHints":{"allow":["GET"]}}],"collection":[{"href":"https:\/\/staging1.gruar.com.br\/index.php\/wp-json\/wp\/v2\/pages"}],"about":[{"href":"https:\/\/staging1.gruar.com.br\/index.php\/wp-json\/wp\/v2\/types\/page"}],"author":[{"embeddable":true,"href":"https:\/\/staging1.gruar.com.br\/index.php\/wp-json\/wp\/v2\/users\/1"}],"replies":[{"embeddable":true,"href":"https:\/\/staging1.gruar.com.br\/index.php\/wp-json\/wp\/v2\/comments?post=248"}],"version-history":[{"count":12,"href":"https:\/\/staging1.gruar.com.br\/index.php\/wp-json\/wp\/v2\/pages\/248\/revisions"}],"predecessor-version":[{"id":368,"href":"https:\/\/staging1.gruar.com.br\/index.php\/wp-json\/wp\/v2\/pages\/248\/revisions\/368"}],"wp:featuredmedia":[{"embeddable":true,"href":"https:\/\/staging1.gruar.com.br\/index.php\/wp-json\/wp\/v2\/media\/15"}],"wp:attachment":[{"href":"https:\/\/staging1.gruar.com.br\/index.php\/wp-json\/wp\/v2\/media?parent=248"}],"curies":[{"name":"wp","href":"https:\/\/api.w.org\/{rel}","templated":true}]}}